{"id":6,"date":"2013-01-21T13:51:40","date_gmt":"2013-01-21T09:51:40","guid":{"rendered":"https:\/\/farmorochmormor.se\/?page_id=6"},"modified":"2014-02-04T16:46:26","modified_gmt":"2014-02-04T15:46:26","slug":"startsida","status":"publish","type":"page","link":"https:\/\/farmorochmormor.se\/","title":{"rendered":"Hem"},"content":{"rendered":"<h1>V\u00e4lkommen till Farmors och<br \/>\nMormors kokbok<\/h1>\n<p class=\"valkommen-text\">Farmors och mormors kokbok \u00e4r en recept samling som \u00e4r skapad av tv\u00e5 anledningar.<br \/>\nDen f\u00f6rsta \u00e4r att jag ville ha en plats och samla min farmor Astas recept. Den andra \u00e4r s\u00e5 klart att kunna samla<br \/>\nmin mamma Lottas recept,<br \/>\nsom tur \u00e4r hon \u00e4ven ocks\u00e5 mormor.<\/p>\n<p>Men Farmors och mormors kokbok \u00e4r lika mycket till f\u00f6r dig och din farmors och mormors fina gamla recept.<br \/>\nS\u00e5 hoppas \u00e4ven ni vill dela med er av era far och mor f\u00f6r\u00e4ldrars recept.<\/p>\n","protected":false},"excerpt":{"rendered":"<p>V\u00e4lkommen till Farmors och Mormors kokbok Farmors och mormors kokbok \u00e4r en recept samling som \u00e4r skapad av tv\u00e5 anledningar. Den f\u00f6rsta \u00e4r att jag ville ha en plats och samla min farmor Astas recept. Den andra \u00e4r s\u00e5 klart &hellip; <a href=\"https:\/\/farmorochmormor.se\/\">L\u00e4s mer <span class=\"meta-nav\">&rarr;<\/span><\/a><\/p>\n","protected":false},"author":1,"featured_media":0,"parent":0,"menu_order":0,"comment_status":"open","ping_status":"open","template":"start.php","meta":{"_acf_changed":false,"_monsterinsights_skip_tracking":false,"_monsterinsights_sitenote_active":false,"_monsterinsights_sitenote_note":"","_monsterinsights_sitenote_category":0,"footnotes":""},"class_list":["post-6","page","type-page","status-publish","hentry"],"acf":[],"_links":{"self":[{"href":"https:\/\/farmorochmormor.se\/index.php?rest_route=\/wp\/v2\/pages\/6","targetHints":{"allow":["GET"]}}],"collection":[{"href":"https:\/\/farmorochmormor.se\/index.php?rest_route=\/wp\/v2\/pages"}],"about":[{"href":"https:\/\/farmorochmormor.se\/index.php?rest_route=\/wp\/v2\/types\/page"}],"author":[{"embeddable":true,"href":"https:\/\/farmorochmormor.se\/index.php?rest_route=\/wp\/v2\/users\/1"}],"replies":[{"embeddable":true,"href":"https:\/\/farmorochmormor.se\/index.php?rest_route=%2Fwp%2Fv2%2Fcomments&post=6"}],"version-history":[{"count":0,"href":"https:\/\/farmorochmormor.se\/index.php?rest_route=\/wp\/v2\/pages\/6\/revisions"}],"wp:attachment":[{"href":"https:\/\/farmorochmormor.se\/index.php?rest_route=%2Fwp%2Fv2%2Fmedia&parent=6"}],"curies":[{"name":"wp","href":"https:\/\/api.w.org\/{rel}","templated":true}]}}